{"id":2389,"date":"2016-10-04T08:55:33","date_gmt":"2016-10-04T08:55:33","guid":{"rendered":"http:\/\/themes.muffingroup.com\/be\/snapshot\/?page_id=2"},"modified":"2024-12-06T14:00:23","modified_gmt":"2024-12-06T14:00:23","slug":"home","status":"publish","type":"page","link":"https:\/\/archinterior.pl\/","title":{"rendered":"Archinterior"},"content":{"rendered":"\n<p>Planujesz urz\u0105dzenie swojego mieszkania lub domu? Potrzebujesz projektu i aran\u017cacji biura, hotelu, restauracji lub innej przestrzeni u\u017cytkowej? Oferujemy profesjonalne\u00a0projektowanie wn\u0119trz\u00a0i\u00a0aran\u017cacj\u0119 wn\u0119trz, kt\u00f3re \u0142\u0105cz\u0105 funkcjonalno\u015b\u0107 z estetyk\u0105. Nasz do\u015bwiadczony\u00a0architekt wn\u0119trz\u00a0tworzy\u00a0nowoczesne wn\u0119trza, kt\u00f3re spe\u0142niaj\u0105 oczekiwania nawet najbardziej wymagaj\u0105cych klient\u00f3w. Specjalizujemy si\u0119 tak\u017ce w realizacjach\u00a0wn\u0119trz \u201epod klucz\u201d\u00a0oraz w\u00a0kompleksowym projektowaniu mieszka\u0144, dzi\u0119ki czemu zyskujesz pe\u0142n\u0105 obs\u0142ug\u0119 \u2013 od projektu po realizacj\u0119. Postaw na ekspert\u00f3w i stw\u00f3rz przestrze\u0144 swoich marze\u0144!<\/p>\n\n\n\n<p>Archinterior to Warszawska pracownia projektowania wn\u0119trz. Jeste\u015bmy na rynku od 25 lat i mamy setki zadowolonych klient\u00f3w.<\/p>\n\n\n\n<p><strong>Zaufaj Archinterior \u2013 Twoje wn\u0119trze, nasza pasja!<\/strong><\/p>\n\n\n\n<p><\/p>\n","protected":false},"excerpt":{"rendered":"<p>Planujesz urz\u0105dzenie swojego mieszkania lub domu? Potrzebujesz projektu i aran\u017cacji biura, hotelu, restauracji lub innej przestrzeni u\u017cytkowej? Oferujemy profesjonalne\u00a0projektowanie wn\u0119trz\u00a0i\u00a0aran\u017cacj\u0119 wn\u0119trz, kt\u00f3re \u0142\u0105cz\u0105 funkcjonalno\u015b\u0107 z estetyk\u0105.<span class=\"excerpt-hellip\"> [\u2026]<\/span><\/p>\n","protected":false},"author":1,"featured_media":0,"parent":0,"menu_order":0,"comment_status":"closed","ping_status":"open","template":"","meta":{"footnotes":""},"class_list":["post-2389","page","type-page","status-publish","hentry"],"_links":{"self":[{"href":"https:\/\/archinterior.pl\/index.php\/wp-json\/wp\/v2\/pages\/2389","targetHints":{"allow":["GET"]}}],"collection":[{"href":"https:\/\/archinterior.pl\/index.php\/wp-json\/wp\/v2\/pages"}],"about":[{"href":"https:\/\/archinterior.pl\/index.php\/wp-json\/wp\/v2\/types\/page"}],"author":[{"embeddable":true,"href":"https:\/\/archinterior.pl\/index.php\/wp-json\/wp\/v2\/users\/1"}],"replies":[{"embeddable":true,"href":"https:\/\/archinterior.pl\/index.php\/wp-json\/wp\/v2\/comments?post=2389"}],"version-history":[{"count":6,"href":"https:\/\/archinterior.pl\/index.php\/wp-json\/wp\/v2\/pages\/2389\/revisions"}],"predecessor-version":[{"id":2912,"href":"https:\/\/archinterior.pl\/index.php\/wp-json\/wp\/v2\/pages\/2389\/revisions\/2912"}],"wp:attachment":[{"href":"https:\/\/archinterior.pl\/index.php\/wp-json\/wp\/v2\/media?parent=2389"}],"curies":[{"name":"wp","href":"https:\/\/api.w.org\/{rel}","templated":true}]}}